{"id":4576,"date":"2013-02-25T13:25:06","date_gmt":"2013-02-25T13:25:06","guid":{"rendered":"http:\/\/www.makivik.org\/bourses-detudes\/"},"modified":"2025-02-04T14:36:50","modified_gmt":"2025-02-04T18:36:50","slug":"bourses-detudes","status":"publish","type":"page","link":"https:\/\/www.makivvik.ca\/fr\/actuellement\/bourses-detudes\/","title":{"rendered":"Bourses d&#8217;\u00e9tudes"},"content":{"rendered":"<p><img data-recalc-dims=\"1\" loading=\"lazy\" decoding=\"async\" id=\"exifviewer-img-1\" class=\"alignleft size-full wp-image-272\" src=\"https:\/\/i0.wp.com\/www.makivvik.ca\/wp-content\/uploads\/2013\/02\/Scholarship_Fund.png?resize=300%2C206\" alt=\"Scholarship_Fund\" width=\"300\" height=\"206\" \/><\/p>\n<p>Makivvik croit que la soci\u00e9t\u00e9 et l\u2019\u00e9conomie du Nunavik b\u00e9n\u00e9ficient grandement d\u2019une population qualifi\u00e9e et \u00e9duqu\u00e9e et que la pers\u00e9v\u00e9rance et la r\u00e9ussite scolaire devraient \u00eatre r\u00e9compens\u00e9es. Makivvik souhaite encourager les \u00e9tudiant(e)s aptes et motiv\u00e9(e)s \u00e0 poursuivre leurs objectifs en mati\u00e8re d\u2019\u00e9ducation.<\/p>\n<p>Le programme des Bourses d\u2019\u00e9tudes postsecondaires de la Fiducie des Inuit du Nunavik 2 (NIT2), g\u00e9r\u00e9 par les Inuit du Nunavik, a \u00e9t\u00e9 cr\u00e9\u00e9 afin de promouvoir et d\u2019encourager les \u00e9tudes postsecondaires aupr\u00e8s des b\u00e9n\u00e9ficiaires de la Convention de la Baie-James et du Nord qu\u00e9b\u00e9cois.<\/p>\n<p>Les \u00e9tudiants qui d\u00e9posent une demande t satisfont \u00e0 tous les crit\u00e8res seront automatiquement pris en consid\u00e9ration pour une bourse. Veuillez t\u00e9l\u00e9charger la trousse de dossier de candidature et suivre les instructions \u00e9tape par \u00e9tape qui vous expliqueront comment pr\u00e9parer votre demande et la soumettre. Le formulaire de demande est maintenant disponible exclusivement dans un format en ligne dont on peut y acc\u00e9der \u00e0 travers la trousse de demande.<\/p>\n","protected":false},"excerpt":{"rendered":"<p>Makivvik croit que la soci\u00e9t\u00e9 et l\u2019\u00e9conomie du Nunavik b\u00e9n\u00e9ficient grandement d\u2019une population qualifi\u00e9e et \u00e9duqu\u00e9e et que la pers\u00e9v\u00e9rance et la r\u00e9ussite scolaire devraient \u00eatre<span class=\"excerpt-hellip\"> [\u2026]<\/span><\/p>\n","protected":false},"author":9,"featured_media":0,"parent":4570,"menu_order":0,"comment_status":"closed","ping_status":"closed","template":"","meta":{"_acf_changed":false,"footnotes":""},"class_list":["post-4576","page","type-page","status-publish","hentry"],"acf":[],"jetpack_shortlink":"https:\/\/wp.me\/P7v1Zk-1bO","jetpack_sharing_enabled":true,"_links":{"self":[{"href":"https:\/\/www.makivvik.ca\/fr\/wp-json\/wp\/v2\/pages\/4576","targetHints":{"allow":["GET"]}}],"collection":[{"href":"https:\/\/www.makivvik.ca\/fr\/wp-json\/wp\/v2\/pages"}],"about":[{"href":"https:\/\/www.makivvik.ca\/fr\/wp-json\/wp\/v2\/types\/page"}],"author":[{"embeddable":true,"href":"https:\/\/www.makivvik.ca\/fr\/wp-json\/wp\/v2\/users\/9"}],"replies":[{"embeddable":true,"href":"https:\/\/www.makivvik.ca\/fr\/wp-json\/wp\/v2\/comments?post=4576"}],"version-history":[{"count":5,"href":"https:\/\/www.makivvik.ca\/fr\/wp-json\/wp\/v2\/pages\/4576\/revisions"}],"predecessor-version":[{"id":18595,"href":"https:\/\/www.makivvik.ca\/fr\/wp-json\/wp\/v2\/pages\/4576\/revisions\/18595"}],"up":[{"embeddable":true,"href":"https:\/\/www.makivvik.ca\/fr\/wp-json\/wp\/v2\/pages\/4570"}],"wp:attachment":[{"href":"https:\/\/www.makivvik.ca\/fr\/wp-json\/wp\/v2\/media?parent=4576"}],"curies":[{"name":"wp","href":"https:\/\/api.w.org\/{rel}","templated":true}]}}