{"id":4573,"date":"2013-02-25T13:08:46","date_gmt":"2013-02-25T13:08:46","guid":{"rendered":"http:\/\/www.makivik.org\/en-fr\/"},"modified":"2023-02-24T17:19:51","modified_gmt":"2023-02-24T21:19:51","slug":"installations-de-loisirs","status":"publish","type":"page","link":"https:\/\/www.makivvik.ca\/fr\/installations-de-loisirs\/","title":{"rendered":"Installations de loisirs"},"content":{"rendered":"<p><img data-recalc-dims=\"1\" loading=\"lazy\" decoding=\"async\" class=\"alignleft size-full wp-image-265\" src=\"https:\/\/i0.wp.com\/www.makivvik.ca\/wp-content\/uploads\/2013\/02\/Pool-300x177.png?resize=300%2C177\" alt=\"Pool-300x177\" width=\"300\" height=\"177\" \/>Comme nous savons tous, \u00eatre on forme physiquement est tr\u00e8s important pour notre sant\u00e9. Il y a pluseiurs effets positifs sur notre corps \u00e0 partir d\u2019\u00eatre en forme jusqu\u2019\u00e0 r\u00e9duire les accidents cardiovasculaires. Diff\u00e9rentes \u00e9tudes ont demontrer que si les enfants pratiquent des acitivt\u00e9s physiques qu\u2019ils auront de meilleurs r\u00e9sultats scolaires. C\u2019est pourquoi c\u2019est si important pour Makivvik de promouvoir et encourager les jeunes du Nunavik \u00e0 avoir du plaisir et \u00e0 pratiquer des sports.<\/p>\n<p>Nous, \u00e0 la Soci\u00e9te Makivvik, avons jou\u00e9 un r\u00f4le en contribuant \u00e0 diff\u00e9rentes infrastructures sportives \u00e0 travers le Nunavik et nous croyons que l\u2019activit\u00e9 physique est un \u00e9l\u00e9ment important de notre sant\u00e9.<\/p>\n","protected":false},"excerpt":{"rendered":"<p>Comme nous savons tous, \u00eatre on forme physiquement est tr\u00e8s important pour notre sant\u00e9. Il y a pluseiurs effets positifs sur notre corps \u00e0 partir d\u2019\u00eatre<span class=\"excerpt-hellip\"> [\u2026]<\/span><\/p>\n","protected":false},"author":9,"featured_media":0,"parent":0,"menu_order":0,"comment_status":"closed","ping_status":"closed","template":"","meta":{"_acf_changed":false,"footnotes":""},"class_list":["post-4573","page","type-page","status-publish","hentry"],"acf":[],"jetpack_shortlink":"https:\/\/wp.me\/P7v1Zk-1bL","jetpack_sharing_enabled":true,"_links":{"self":[{"href":"https:\/\/www.makivvik.ca\/fr\/wp-json\/wp\/v2\/pages\/4573","targetHints":{"allow":["GET"]}}],"collection":[{"href":"https:\/\/www.makivvik.ca\/fr\/wp-json\/wp\/v2\/pages"}],"about":[{"href":"https:\/\/www.makivvik.ca\/fr\/wp-json\/wp\/v2\/types\/page"}],"author":[{"embeddable":true,"href":"https:\/\/www.makivvik.ca\/fr\/wp-json\/wp\/v2\/users\/9"}],"replies":[{"embeddable":true,"href":"https:\/\/www.makivvik.ca\/fr\/wp-json\/wp\/v2\/comments?post=4573"}],"version-history":[{"count":3,"href":"https:\/\/www.makivvik.ca\/fr\/wp-json\/wp\/v2\/pages\/4573\/revisions"}],"predecessor-version":[{"id":15278,"href":"https:\/\/www.makivvik.ca\/fr\/wp-json\/wp\/v2\/pages\/4573\/revisions\/15278"}],"wp:attachment":[{"href":"https:\/\/www.makivvik.ca\/fr\/wp-json\/wp\/v2\/media?parent=4573"}],"curies":[{"name":"wp","href":"https:\/\/api.w.org\/{rel}","templated":true}]}}