{"id":4570,"date":"2013-02-25T12:36:04","date_gmt":"2013-02-25T12:36:04","guid":{"rendered":"http:\/\/www.makivik.org\/actuellement\/"},"modified":"2021-02-25T17:45:49","modified_gmt":"2021-02-25T21:45:49","slug":"actuellement","status":"publish","type":"page","link":"https:\/\/www.makivvik.ca\/fr\/actuellement\/","title":{"rendered":"Actuellement"},"content":{"rendered":"<p>Au cours des trois derni\u00e8res d\u00e9cennies, Makivvik est devenue un leader au Canada et dans le monde entier, car elle a su conjuguer avec succ\u00e8s les droits des Autochtones, les n\u00e9gociations politiques et son sens aigu des affaires pour mettre sur pied des entreprises florissantes et lancer des initiatives \u00e9conomiques qui ont contribu\u00e9 aux \u00e9conomies nationale, provinciale et r\u00e9gionale.<\/p>\n<hr \/>\n","protected":false},"excerpt":{"rendered":"<p>Au cours des trois derni\u00e8res d\u00e9cennies, Makivvik est devenue un leader au Canada et dans le monde entier, car elle a su conjuguer avec succ\u00e8s les<span class=\"excerpt-hellip\"> [\u2026]<\/span><\/p>\n","protected":false},"author":9,"featured_media":0,"parent":0,"menu_order":0,"comment_status":"closed","ping_status":"closed","template":"","meta":{"_acf_changed":false,"footnotes":""},"class_list":["post-4570","page","type-page","status-publish","hentry"],"acf":[],"jetpack_shortlink":"https:\/\/wp.me\/P7v1Zk-1bI","jetpack_sharing_enabled":true,"_links":{"self":[{"href":"https:\/\/www.makivvik.ca\/fr\/wp-json\/wp\/v2\/pages\/4570","targetHints":{"allow":["GET"]}}],"collection":[{"href":"https:\/\/www.makivvik.ca\/fr\/wp-json\/wp\/v2\/pages"}],"about":[{"href":"https:\/\/www.makivvik.ca\/fr\/wp-json\/wp\/v2\/types\/page"}],"author":[{"embeddable":true,"href":"https:\/\/www.makivvik.ca\/fr\/wp-json\/wp\/v2\/users\/9"}],"replies":[{"embeddable":true,"href":"https:\/\/www.makivvik.ca\/fr\/wp-json\/wp\/v2\/comments?post=4570"}],"version-history":[{"count":2,"href":"https:\/\/www.makivvik.ca\/fr\/wp-json\/wp\/v2\/pages\/4570\/revisions"}],"predecessor-version":[{"id":11561,"href":"https:\/\/www.makivvik.ca\/fr\/wp-json\/wp\/v2\/pages\/4570\/revisions\/11561"}],"wp:attachment":[{"href":"https:\/\/www.makivvik.ca\/fr\/wp-json\/wp\/v2\/media?parent=4570"}],"curies":[{"name":"wp","href":"https:\/\/api.w.org\/{rel}","templated":true}]}}