{"id":4567,"date":"2013-02-25T11:45:15","date_gmt":"2013-02-25T11:45:15","guid":{"rendered":"http:\/\/www.makivik.org\/en-fr\/"},"modified":"2018-01-17T11:49:25","modified_gmt":"2018-01-17T15:49:25","slug":"cbjnq","status":"publish","type":"page","link":"https:\/\/www.makivvik.ca\/fr\/la-societe\/histoire\/cbjnq\/","title":{"rendered":"CBJNQ"},"content":{"rendered":"<p><span lang=\"fr-CA\">La Convention de la Baie-James et du Nord qu\u00e9b\u00e9cois (CBJNQ) a \u00e9t\u00e9 sign\u00e9e le 11\u00a0novembre\u00a01975. Ce tout premier r\u00e8glement de revendications territoriales globales au Canada annon\u00e7ait une \u00e8re nouvelle pour les revendications territoriales autochtones.<\/span><\/p>\n<p><span lang=\"fr-CA\">En 1971, le gouvernement du Qu\u00e9bec annon\u00e7ait le \u00ab\u00a0projet du si\u00e8cle\u00a0\u00bb, soit le projet de d\u00e9veloppement hydro\u00e9lectrique de la baie James. Il \u00e9tait pr\u00e9vu dans ce projet d\u2019envergure que les terres historiquement occup\u00e9es par les Inuits et les Cris et utilis\u00e9es pour la chasse et la p\u00eache de subsistance seraient inond\u00e9es afin de cr\u00e9er d\u2019immenses r\u00e9servoirs et que des rivi\u00e8res seraient d\u00e9tourn\u00e9es. La construction a commenc\u00e9, et les droits des Inuits et des Cris vivant dans les environs de la baie James et du Nord qu\u00e9b\u00e9cois ont \u00e9t\u00e9 ignor\u00e9s.<\/span><\/p>\n<p><span lang=\"fr-CA\">Le jeune Charlie Watt a alors r\u00e9uni un certain nombre d\u2019Inuits et a cr\u00e9\u00e9 l\u2019Association des Inuit du Nouveau-Qu\u00e9bec (AINQ). L\u2019AINQ a uni ses forces \u00e0 celles de l\u2019Association des Indiens du Qu\u00e9bec, puis les deux associations ont demand\u00e9 en 1972 une injonction \u00e0 la Cour sup\u00e9rieure du Qu\u00e9bec pour stopper le projet. L\u2019injonction leur a \u00e9t\u00e9 accord\u00e9e, mais cette d\u00e9cision a \u00e9t\u00e9 infirm\u00e9e peu de temps apr\u00e8s. Cependant, ces \u00e9v\u00e9nements ont permis d\u2019entamer des n\u00e9gociations qui ont donn\u00e9 lieu \u00e0 un r\u00e8glement hors cour, soit la CBJNQ.<\/span><\/p>\n<p><span lang=\"fr-CA\">La CBJNQ a \u00e9t\u00e9 sign\u00e9e par les parties suivantes : le gouvernement du Qu\u00e9bec, la Soci\u00e9t\u00e9 d\u2019\u00e9nergie de la Baie James, la Soci\u00e9t\u00e9 de d\u00e9veloppement de la Baie-James, Hydro-Qu\u00e9bec, le Grand conseil des Cris du Qu\u00e9bec, l\u2019AINQ et le gouvernement du Canada.<\/span><\/p>\n<p><span lang=\"fr-CA\">Dans le cadre de la CBJNQ, les gouvernements du Canada et du Qu\u00e9bec ont vers\u00e9 225 millions de dollars en compensations financi\u00e8res aux Cris de la baie James et aux Inuits du Nord qu\u00e9b\u00e9cois, soit \u00e0 l\u2019Administration r\u00e9gionale crie et \u00e0 Makivvik, respectivement. Les Inuits ont re\u00e7u 90\u00a0millions de dollars.<\/span><\/p>\n<p><span lang=\"fr-CA\">En plus de r\u00e9gler des revendications territoriales autochtones et de fournir des compensations financi\u00e8res, la CBJNQ a permis de d\u00e9finir les droits ancestraux et d\u2019\u00e9tablir des r\u00e9gimes d\u00e9finissant les relations futures entre les peuples autochtones et les allochtones dans la r\u00e9gion ainsi qu\u2019entre les administrations locales et r\u00e9gionales, d\u2019une part, et les gouvernements provincial et f\u00e9d\u00e9ral, d\u2019autre part. La CBJNQ a pr\u00e9vu des droits d\u2019exploitation et a \u00e9tabli des cat\u00e9gories de terres et des r\u00e9gimes de gestion des ressources. Elle a \u00e9galement permis de cr\u00e9er des commissions scolaires, de restructurer les services de sant\u00e9 et de mettre sur pied des administrations r\u00e9gionales.<\/span><\/p>\n<p><span lang=\"fr-CA\">Ce trait\u00e9 historique a \u00e9galement ouvert la voie \u00e0 la conclusion d\u2019autres ententes importantes, dont l\u2019Entente de partenariat sur le d\u00e9veloppement \u00e9conomique et communautaire au Nunavik (Entente Sanarrutik) et la Paix des Braves. Il s\u2019agit de deux ententes importantes de d\u00e9veloppement \u00e9conomique cr\u00e9ant un partenariat avec les Inuits et les Cris pour la prise de d\u00e9cision et le partage des retomb\u00e9es. <\/span><\/p>\n<p><span lang=\"fr-CA\">Pour marquer le 40<\/span><span lang=\"fr-CA\">e<\/span><span lang=\"fr-CA\">\u00a0anniversaire de la CBJNQ, Makivvik a produit un documentaire intitul\u00e9 <\/span><span lang=\"fr-CA\">Napangunnaqullusi: So That You Can Stand<\/span><span lang=\"fr-CA\"> (afin de pouvoir se tenir debout). Le film donne un aper\u00e7u de l\u2019immense travail qu\u2019ont n\u00e9cessit\u00e9 les n\u00e9gociations et permet aux jeunes du Nunavik de comprendre ce qu\u2019ont travers\u00e9 \u00e0 cette \u00e9poque les leaders Charlie Watt, Zebedee Nungak et feu Mark R. Gordon ainsi que l\u2019\u00e9quipe de n\u00e9gociateurs de la partie inuite et l\u2019ensemble du Nunavik.<\/span><\/p>\n","protected":false},"excerpt":{"rendered":"<p>La Convention de la Baie-James et du Nord qu\u00e9b\u00e9cois (CBJNQ) a \u00e9t\u00e9 sign\u00e9e le 11\u00a0novembre\u00a01975. Ce tout premier r\u00e8glement de revendications territoriales globales au Canada annon\u00e7ait<span class=\"excerpt-hellip\"> [\u2026]<\/span><\/p>\n","protected":false},"author":9,"featured_media":0,"parent":4555,"menu_order":0,"comment_status":"closed","ping_status":"closed","template":"","meta":{"_acf_changed":false,"footnotes":""},"class_list":["post-4567","page","type-page","status-publish","hentry"],"acf":[],"jetpack_shortlink":"https:\/\/wp.me\/P7v1Zk-1bF","jetpack_sharing_enabled":true,"_links":{"self":[{"href":"https:\/\/www.makivvik.ca\/fr\/wp-json\/wp\/v2\/pages\/4567","targetHints":{"allow":["GET"]}}],"collection":[{"href":"https:\/\/www.makivvik.ca\/fr\/wp-json\/wp\/v2\/pages"}],"about":[{"href":"https:\/\/www.makivvik.ca\/fr\/wp-json\/wp\/v2\/types\/page"}],"author":[{"embeddable":true,"href":"https:\/\/www.makivvik.ca\/fr\/wp-json\/wp\/v2\/users\/9"}],"replies":[{"embeddable":true,"href":"https:\/\/www.makivvik.ca\/fr\/wp-json\/wp\/v2\/comments?post=4567"}],"version-history":[{"count":2,"href":"https:\/\/www.makivvik.ca\/fr\/wp-json\/wp\/v2\/pages\/4567\/revisions"}],"predecessor-version":[{"id":5589,"href":"https:\/\/www.makivvik.ca\/fr\/wp-json\/wp\/v2\/pages\/4567\/revisions\/5589"}],"up":[{"embeddable":true,"href":"https:\/\/www.makivvik.ca\/fr\/wp-json\/wp\/v2\/pages\/4555"}],"wp:attachment":[{"href":"https:\/\/www.makivvik.ca\/fr\/wp-json\/wp\/v2\/media?parent=4567"}],"curies":[{"name":"wp","href":"https:\/\/api.w.org\/{rel}","templated":true}]}}