{"id":4564,"date":"2013-02-25T11:34:57","date_gmt":"2013-02-25T11:34:57","guid":{"rendered":"http:\/\/www.makivik.org\/en-fr\/"},"modified":"2023-02-24T17:19:51","modified_gmt":"2023-02-24T21:19:51","slug":"artin","status":"publish","type":"page","link":"https:\/\/www.makivvik.ca\/fr\/la-societe\/histoire\/artin\/","title":{"rendered":"ARTIN"},"content":{"rendered":"<h3>Accord sur les revendications territoriales des Inuit du Nunavik<\/h3>\n<p><img data-recalc-dims=\"1\" loading=\"lazy\" decoding=\"async\" class=\"alignleft size-full wp-image-246\" src=\"https:\/\/i0.wp.com\/www.makivvik.ca\/wp-content\/uploads\/2013\/02\/nilca.png?resize=300%2C199\" alt=\"nilca\" width=\"300\" height=\"199\" \/><\/p>\n<p><span lang=\"fr-CA\">L\u2019Accord sur les revendications territoriales des Inuit du Nunavik (ARTIN) est entr\u00e9 en vigueur le 10\u00a0juillet\u00a02007. Il couvre la zone extrac\u00f4ti\u00e8re du Nord qu\u00e9b\u00e9cois, le Nord du Labrador et la zone extrac\u00f4ti\u00e8re du Nord du Labrador.<\/span><\/p>\n<p><span lang=\"fr-CA\">Les droits des Inuits du Nunavik \u00e0 l\u2019\u00e9gard des zones extrac\u00f4ti\u00e8res avaient \u00e9t\u00e9 reconnus comme \u00e9tant une question en suspens dans la Convention de la Baie-James et du Nord qu\u00e9b\u00e9cois (CBJNQ) sign\u00e9e en\u00a01975. Cela aura toutefois pris de nombreuses ann\u00e9es de recherches minutieuses et de pressions politiques constantes pour qu\u2019une d\u00e9claration officielle sur les revendications territoriales soit accept\u00e9e en\u00a01992 avant que les n\u00e9gociations avec le gouvernement f\u00e9d\u00e9ral ne puissent \u00eatre entam\u00e9es. Au cours de la m\u00eame p\u00e9riode, une d\u00e9claration distincte sur les revendications territoriales \u00e0 l\u2019\u00e9gard du Labrador \u00e9tait en pr\u00e9paration. Elle a \u00e9t\u00e9 accept\u00e9e en vue de n\u00e9gociations futures en juin 1993.<\/span><\/p>\n<p>&nbsp;<\/p>\n<p><strong><span lang=\"fr-CA\">Voici quelques faits saillants de l\u2019ARTIN\u00a0:<\/span><\/strong><\/p>\n<ul>\n<li><span lang=\"fr-CA\">Les Inuits du Nunavik d\u00e9tiennent maintenant 80\u00a0% de toutes les \u00eeles, comprenant les droits fonciers et tr\u00e9fonciers, dans la r\u00e9gion marine du Nunavik, ce qui totalise quelque 5\u00a0300\u00a0km<\/span><span lang=\"fr-CA\">2<\/span><span lang=\"fr-CA\">.<\/span><\/li>\n<li><span lang=\"fr-CA\">Makivvik a commenc\u00e9 \u00e0 recevoir les 86\u00a0millions de dollars en transferts de fonds et autres fonds compl\u00e9mentaires. De cette somme, 55\u00a0millions de dollars seront transf\u00e9r\u00e9s \u00e0 la Fiducie des Inuit du Nunavik \u00e0 partir de laquelle des versements peuvent \u00eatre faits aux Inuits du Nunavik.<\/span><\/li>\n<li><span lang=\"fr-CA\">Des organismes de cogestion d\u00e9tenant un pouvoir d\u00e9cisionnel sont mis sur pied afin de traiter les dossiers portant sur la faune, la gestion du territoire et les impacts du d\u00e9veloppement.<\/span><\/li>\n<li><span lang=\"fr-CA\">L\u2019ARTIN cr\u00e9e un r\u00e9gime de redevances li\u00e9 \u00e0 la faune qui rend les promoteurs responsables, sans qu\u2019il soit n\u00e9cessaire que le requ\u00e9rant fournisse de preuve, des pertes ou dommages imputables aux activit\u00e9s de d\u00e9veloppement.<\/span><\/li>\n<li><span lang=\"fr-CA\">L\u2019ARTIN apporte la certitude relativement \u00e0 tous les droits suivant le mod\u00e8le de non-assertion au lieu du mod\u00e8le d\u2019abandon et d\u2019extinction que l\u2019on trouve dans la CBJNQ.<\/span><\/li>\n<\/ul>\n<p><span lang=\"fr-CA\">Makivvik est dans une position favorable pour profiter des nouvelles possibilit\u00e9s qu\u2019offre l\u2019ARTIN. Forte de sa quarantaine d\u2019ann\u00e9es d\u2019exp\u00e9rience de la mise en \u0153uvre de r\u00e8glement sur les revendications territoriales, elle saura utiliser \u00e0 bon escient ces nouveaux droits et compensations afin d\u2019am\u00e9liorer le bien-\u00eatre \u00e9conomique et social des Inuits du Nunavik.<\/span><\/p>\n","protected":false},"excerpt":{"rendered":"<p>Accord sur les revendications territoriales des Inuit du Nunavik L\u2019Accord sur les revendications territoriales des Inuit du Nunavik (ARTIN) est entr\u00e9 en vigueur le 10\u00a0juillet\u00a02007. Il<span class=\"excerpt-hellip\"> [\u2026]<\/span><\/p>\n","protected":false},"author":9,"featured_media":0,"parent":4555,"menu_order":0,"comment_status":"closed","ping_status":"closed","template":"","meta":{"_acf_changed":false,"footnotes":""},"class_list":["post-4564","page","type-page","status-publish","hentry"],"acf":[],"jetpack_shortlink":"https:\/\/wp.me\/P7v1Zk-1bC","jetpack_sharing_enabled":true,"_links":{"self":[{"href":"https:\/\/www.makivvik.ca\/fr\/wp-json\/wp\/v2\/pages\/4564","targetHints":{"allow":["GET"]}}],"collection":[{"href":"https:\/\/www.makivvik.ca\/fr\/wp-json\/wp\/v2\/pages"}],"about":[{"href":"https:\/\/www.makivvik.ca\/fr\/wp-json\/wp\/v2\/types\/page"}],"author":[{"embeddable":true,"href":"https:\/\/www.makivvik.ca\/fr\/wp-json\/wp\/v2\/users\/9"}],"replies":[{"embeddable":true,"href":"https:\/\/www.makivvik.ca\/fr\/wp-json\/wp\/v2\/comments?post=4564"}],"version-history":[{"count":4,"href":"https:\/\/www.makivvik.ca\/fr\/wp-json\/wp\/v2\/pages\/4564\/revisions"}],"predecessor-version":[{"id":15275,"href":"https:\/\/www.makivvik.ca\/fr\/wp-json\/wp\/v2\/pages\/4564\/revisions\/15275"}],"up":[{"embeddable":true,"href":"https:\/\/www.makivvik.ca\/fr\/wp-json\/wp\/v2\/pages\/4555"}],"wp:attachment":[{"href":"https:\/\/www.makivvik.ca\/fr\/wp-json\/wp\/v2\/media?parent=4564"}],"curies":[{"name":"wp","href":"https:\/\/api.w.org\/{rel}","templated":true}]}}