{"id":4561,"date":"2013-02-25T11:06:59","date_gmt":"2013-02-25T11:06:59","guid":{"rendered":"http:\/\/www.makivik.org\/en-fr\/"},"modified":"2023-02-24T17:19:50","modified_gmt":"2023-02-24T21:19:50","slug":"placements-financiers","status":"publish","type":"page","link":"https:\/\/www.makivvik.ca\/fr\/la-societe\/histoire\/placements-financiers\/","title":{"rendered":"Placements financiers"},"content":{"rendered":"<p><img data-recalc-dims=\"1\" loading=\"lazy\" decoding=\"async\" class=\"alignleft size-full wp-image-240\" src=\"https:\/\/i0.wp.com\/www.makivvik.ca\/wp-content\/uploads\/2013\/02\/Financial_Investment.png?resize=300%2C191\" alt=\"Financial_Investment\" width=\"300\" height=\"191\" \/><\/p>\n<p><span lang=\"fr-CA\">Le portefeuille financier de Makivvik demeure tr\u00e8s solide. En fait, la somme initiale de 90\u00a0millions de dollars vers\u00e9e par le gouvernement du Canada \u00e0 titre de compensation d\u00e9coulant de la Convention de la Baie-James et du Nord qu\u00e9b\u00e9cois (CBJNQ) a plus que tripl\u00e9 depuis\u00a01975. <\/span><\/p>\n<p><span lang=\"fr-CA\">Quand la CBJNQ a \u00e9t\u00e9 sign\u00e9e, les Inuits du Nunavik ont d\u00e9cid\u00e9 que les fonds qui leur \u00e9taient vers\u00e9s initialement devaient non seulement demeurer intacts et servir de fonds patrimonial, mais aussi continuer de fructifier au b\u00e9n\u00e9fice des g\u00e9n\u00e9rations futures. En outre, au cours des prochaines ann\u00e9es, des sommes additionnelles de l\u2019ordre de dizaines de millions de dollars, d\u00e9coulant de l\u2019Accord sur les revendications territoriales des Inuit du Nunavik conclu en 2007, seront vers\u00e9es dans le fonds patrimonial aux fins de placements et de distribution.<\/span><\/p>\n<p><span lang=\"fr-CA\">Le succ\u00e8s financier que conna\u00eet Makivvik repose beaucoup sur l\u2019excellent travail qu\u2019effectue le Comit\u00e9 d\u2019examen des placements, un comit\u00e9 consultatif aupr\u00e8s de l\u2019Ex\u00e9cutif et du Conseil de direction de Makivvik, charg\u00e9 d\u2019administrer les fonds et de les investir dans des actions, des obligations et des titres du march\u00e9 mon\u00e9taire.<\/span><\/p>\n<p><span lang=\"fr-CA\">Le Comit\u00e9 d\u2019examen des placements se penche aussi sur les projets d\u2019entreprises en coparticipation ou les propositions concernant notamment la cr\u00e9ation de nouvelles filiales ou les demandes d\u2019emprunt.\u00a0<\/span><\/p>\n<p><span lang=\"fr-CA\">Il recommande aussi aux membres du Conseil de direction de Makivvik le budget annuel qui devrait \u00eatre adopt\u00e9 en fonction des taux de rendement pr\u00e9vus des placements.<\/span><\/p>\n<p><span lang=\"fr-CA\">Les membres du Comit\u00e9 d\u2019examen des placements se rencontrent une fois par mois, mais les fonds et les activit\u00e9s de placement sont suivis quotidiennement par une soci\u00e9t\u00e9 d\u2019investissement.<\/span><\/p>\n<p><span lang=\"fr-CA\">Les membres du Comit\u00e9 d\u2019examen des placements proviennent de quatre services de Makivvik et sont dirig\u00e9s par le Service financier. Des membres du Bureau du pr\u00e9sident, du Service du d\u00e9veloppement \u00e9conomique et du Service juridique y si\u00e8gent \u00e9galement.<\/span><\/p>\n","protected":false},"excerpt":{"rendered":"<p>Le portefeuille financier de Makivvik demeure tr\u00e8s solide. En fait, la somme initiale de 90\u00a0millions de dollars vers\u00e9e par le gouvernement du Canada \u00e0 titre de<span class=\"excerpt-hellip\"> [\u2026]<\/span><\/p>\n","protected":false},"author":9,"featured_media":0,"parent":4555,"menu_order":0,"comment_status":"closed","ping_status":"closed","template":"","meta":{"_acf_changed":false,"footnotes":""},"class_list":["post-4561","page","type-page","status-publish","hentry"],"acf":[],"jetpack_shortlink":"https:\/\/wp.me\/P7v1Zk-1bz","jetpack_sharing_enabled":true,"_links":{"self":[{"href":"https:\/\/www.makivvik.ca\/fr\/wp-json\/wp\/v2\/pages\/4561","targetHints":{"allow":["GET"]}}],"collection":[{"href":"https:\/\/www.makivvik.ca\/fr\/wp-json\/wp\/v2\/pages"}],"about":[{"href":"https:\/\/www.makivvik.ca\/fr\/wp-json\/wp\/v2\/types\/page"}],"author":[{"embeddable":true,"href":"https:\/\/www.makivvik.ca\/fr\/wp-json\/wp\/v2\/users\/9"}],"replies":[{"embeddable":true,"href":"https:\/\/www.makivvik.ca\/fr\/wp-json\/wp\/v2\/comments?post=4561"}],"version-history":[{"count":4,"href":"https:\/\/www.makivvik.ca\/fr\/wp-json\/wp\/v2\/pages\/4561\/revisions"}],"predecessor-version":[{"id":15272,"href":"https:\/\/www.makivvik.ca\/fr\/wp-json\/wp\/v2\/pages\/4561\/revisions\/15272"}],"up":[{"embeddable":true,"href":"https:\/\/www.makivvik.ca\/fr\/wp-json\/wp\/v2\/pages\/4555"}],"wp:attachment":[{"href":"https:\/\/www.makivvik.ca\/fr\/wp-json\/wp\/v2\/media?parent=4561"}],"curies":[{"name":"wp","href":"https:\/\/api.w.org\/{rel}","templated":true}]}}