{"id":4558,"date":"2013-02-25T10:59:11","date_gmt":"2013-02-25T10:59:11","guid":{"rendered":"http:\/\/www.makivik.org\/en-fr\/"},"modified":"2023-02-24T17:19:50","modified_gmt":"2023-02-24T21:19:50","slug":"la-societe-makivik","status":"publish","type":"page","link":"https:\/\/www.makivvik.ca\/fr\/la-societe\/histoire\/la-societe-makivik\/","title":{"rendered":"Makivvik"},"content":{"rendered":"<p><span lang=\"fr-CA\">Au Canada, Makivvik est un organisme tout \u00e0 fait unique. Constitu\u00e9e le 28\u00a0juin\u00a01975 pour administrer les fonds provenant du tout premier r\u00e8glement de revendications territoriales globales au Canada, soit la Convention de la Baie-James et du Nord qu\u00e9b\u00e9cois, Makivvik a jou\u00e9, au fil des ans, un r\u00f4le beaucoup plus grand que celui de simple administratrice.<\/span><\/p>\n<p><span lang=\"fr-CA\">Makivvik fait preuve de leadership sur les plans politique, culturel et \u00e9conomique dans la constitution et le d\u00e9veloppement d\u2019une r\u00e9gion dynamique appel\u00e9e Nunavik, qui occupe le tiers septentrional du Qu\u00e9bec, au sein du Canada. Les Inuits ont \u00e9tabli une identit\u00e9 distincte sur leur propre territoire.<\/span><\/p>\n<p><span lang=\"fr-CA\">Les r\u00e9alisations de Makivvik d\u00e9montrent \u00e0 quel point des trait\u00e9s modernes ou des r\u00e8glements de revendications territoriales globales des peuples autochtones peuvent \u00eatre profitables pour tous les partenaires, soit les gouvernements et les Inuits. Makivvik a montr\u00e9 qu\u2019elle avait la capacit\u00e9 de d\u00e9finir de nouvelles relations entre les gouvernements du Qu\u00e9bec et du Canada et un groupe d\u2019Autochtones, soit les Inuits du Nunavik.<\/span><\/p>\n<p><span lang=\"fr-CA\">Depuis la fin des ann\u00e9es\u00a01970, Makivvik est devenue un leader au Canada et dans le monde, car elle a su conjuguer avec succ\u00e8s les droits des Autochtones, les n\u00e9gociations politiques et son sens aigu des affaires pour mettre sur pied des entreprises florissantes et lancer des initiatives \u00e9conomiques qui ont contribu\u00e9 aux \u00e9conomies nationale, provinciale et r\u00e9gionale.<\/span><\/p>\n<p><a href=\"https:\/\/i0.wp.com\/www.makivvik.ca\/wp-content\/uploads\/2013\/02\/Image-121-300x200.png\"><img data-recalc-dims=\"1\" loading=\"lazy\" decoding=\"async\" class=\"alignleft size-full wp-image-236\" src=\"https:\/\/i0.wp.com\/www.makivvik.ca\/wp-content\/uploads\/2013\/02\/Image-121-300x200.png?resize=300%2C200\" alt=\"JBNQA\" width=\"300\" height=\"200\" \/><\/a><\/p>\n<p><span lang=\"fr-CA\">L\u2019organisme a r\u00e9ussi \u00e0 dissiper les craintes initiales concernant la perte de titres et de droits ancestraux \u00e0 l\u2019\u00e9gard des terres traditionnelles. En investissant prudemment les compensations financi\u00e8res et en utilisant certains titres inuits ancestraux, Makivvik a su d\u00e9montrer dans quelle mesure les revendications territoriales pouvaient influencer et orienter les investissements dans le d\u00e9veloppement \u00e9conomique et la mise en valeur des ressources, l\u2019\u00e9volution politique, la recherche scientifique et sur l\u2019environnement ainsi que la construction d\u2019infrastructures communautaires.<\/span><\/p>\n<p><span lang=\"fr-CA\">Les relations de travail efficaces qu\u2019a entretenues Makivvik au fil des ans avec les gouvernements f\u00e9d\u00e9ral et provincial ont \u00e9t\u00e9 tiss\u00e9es par des leaders d\u00e9termin\u00e9s qui ont mis en \u0153uvre d\u2019une mani\u00e8re coh\u00e9rente les r\u00e8glements sur les revendications territoriales, ce qui leur a permis d\u2019atteindre les id\u00e9aux fix\u00e9s.<\/span><\/p>\n<p><span lang=\"fr-CA\">Depuis la signature du premier r\u00e8glement sur les revendications territoriales en\u00a01975, Makivvik et le gouvernement du Canada ont, au terme de 14 ans de n\u00e9gociations, conclu en\u00a02007 l\u2019Accord sur les revendications territoriales des Inuit du Nunavik. L\u2019Accord couvre des zones extrac\u00f4ti\u00e8res et des \u00eeles de la baie d\u2019Hudson et de la baie d\u2019Ungava.<\/span><\/p>\n<p><span lang=\"fr-CA\">Depuis sa cr\u00e9ation, Makivvik reconna\u00eet l\u2019importance de participer au programme politique national. Les Inuits du Nunavik ont jou\u00e9 un r\u00f4le important lors des n\u00e9gociations constitutionnelles de\u00a01982, lesquelles ont permis de confirmer les droits des Inuits dans la Constitution du Canada et d\u2019offrir une protection constitutionnelle aux r\u00e8glements sur les revendications territoriales globales. Makivvik continue de se faire entendre \u00e0 l\u2019\u00e9chelle nationale en si\u00e9geant au conseil de direction d\u2019Inuit Tapiriit Kanatami (ITK), l\u2019organisme repr\u00e9sentant les Inuits \u00e0 l\u2019\u00e9chelle nationale. Cet organisme a d\u2019ailleurs jou\u00e9 un r\u00f4le d\u00e9terminant dans la prise de position lors de r\u00e9unions des premiers ministres, comme dans le cas de l\u2019Accord de Kelowna de 2005 et en ce qui concerne les excuses formul\u00e9es par le gouvernement du Canada relativement \u00e0 la politique d\u2019assimilation et les pensionnats indiens dont ont \u00e9t\u00e9 victimes les Inuits de toutes les r\u00e9gions du Canada.<\/span><\/p>\n<p><span lang=\"fr-CA\">L\u2019un des principaux mandats de Makivvik est le d\u00e9veloppement \u00e9conomique et la cr\u00e9ation d\u2019emplois. La Soci\u00e9t\u00e9 reconna\u00eet d\u2019abord et avant tout que l\u2019avenir \u00e9conomique du Nunavik continuera d\u2019\u00eatre tributaire des ressources naturelles renouvelables et non renouvelables.<\/span><\/p>\n<p><span lang=\"fr-CA\">En ce qui concerne les ressources non renouvelables, Makivvik participe \u00e0 des n\u00e9gociations et \u00e0 des partenariats avec les secteurs tant public que priv\u00e9. Il y a notamment des n\u00e9gociations avec Hydro-Qu\u00e9bec concernant des projets existants et des propositions de projets hydro\u00e9lectriques \u00e0 la baie James ainsi que des n\u00e9gociations avec Glencore PLC \u00e0 l\u2019\u00e9gard de la mine Raglan. Il incombe \u00e9galement \u00e0 Makivvik d\u2019investir et de g\u00e9rer les fonds d\u00e9coulant de ces n\u00e9gociations.<\/span><\/p>\n<p><span lang=\"fr-CA\">Le Service du d\u00e9veloppement des ressources de Makivvik exploite \u00e0 Kuujjuaq un centre de recherche reconnu \u00e0 l\u2019\u00e9chelle nationale o\u00f9 l\u2019on effectue des recherches scientifiques sur la faune et l\u2019environnement. Makivvik appuie \u00e9galement les associations locales de chasseurs, de p\u00eacheurs et de pi\u00e9geurs ainsi que les corporations fonci\u00e8res qui administrent les terres que d\u00e9tiennent exclusivement les Inuits (terres de la cat\u00e9gorie I).<\/span><\/p>\n<p><span lang=\"fr-CA\">Les cinq membres de l\u2019Ex\u00e9cutif de Makivvik et les 16 membres de son Conseil de direction sont \u00e9lus par les r\u00e9sidents inuits du Nunavik. Les deux gouverneurs du Nunavik sont nomm\u00e9s par l\u2019Ex\u00e9cutif et le Conseil de direction de Makivvik et jouent le r\u00f4le de conseil des sages.<\/span><\/p>\n<p><span lang=\"fr-CA\">Les Inuits du Nunavik, par l\u2019entremise de Makivvik, sont membres de l\u2019organisme inuit national, ITK, et de l\u2019organisme international, Conseil circumpolaire inuit.<\/span><\/p>\n","protected":false},"excerpt":{"rendered":"<p>Au Canada, Makivvik est un organisme tout \u00e0 fait unique. Constitu\u00e9e le 28\u00a0juin\u00a01975 pour administrer les fonds provenant du tout premier r\u00e8glement de revendications territoriales globales<span class=\"excerpt-hellip\"> [\u2026]<\/span><\/p>\n","protected":false},"author":9,"featured_media":0,"parent":4555,"menu_order":0,"comment_status":"closed","ping_status":"closed","template":"","meta":{"_acf_changed":false,"footnotes":""},"class_list":["post-4558","page","type-page","status-publish","hentry"],"acf":[],"jetpack_shortlink":"https:\/\/wp.me\/P7v1Zk-1bw","jetpack_sharing_enabled":true,"_links":{"self":[{"href":"https:\/\/www.makivvik.ca\/fr\/wp-json\/wp\/v2\/pages\/4558","targetHints":{"allow":["GET"]}}],"collection":[{"href":"https:\/\/www.makivvik.ca\/fr\/wp-json\/wp\/v2\/pages"}],"about":[{"href":"https:\/\/www.makivvik.ca\/fr\/wp-json\/wp\/v2\/types\/page"}],"author":[{"embeddable":true,"href":"https:\/\/www.makivvik.ca\/fr\/wp-json\/wp\/v2\/users\/9"}],"replies":[{"embeddable":true,"href":"https:\/\/www.makivvik.ca\/fr\/wp-json\/wp\/v2\/comments?post=4558"}],"version-history":[{"count":4,"href":"https:\/\/www.makivvik.ca\/fr\/wp-json\/wp\/v2\/pages\/4558\/revisions"}],"predecessor-version":[{"id":15268,"href":"https:\/\/www.makivvik.ca\/fr\/wp-json\/wp\/v2\/pages\/4558\/revisions\/15268"}],"up":[{"embeddable":true,"href":"https:\/\/www.makivvik.ca\/fr\/wp-json\/wp\/v2\/pages\/4555"}],"wp:attachment":[{"href":"https:\/\/www.makivvik.ca\/fr\/wp-json\/wp\/v2\/media?parent=4558"}],"curies":[{"name":"wp","href":"https:\/\/api.w.org\/{rel}","templated":true}]}}