{"id":4555,"date":"2013-02-25T10:50:23","date_gmt":"2013-02-25T10:50:23","guid":{"rendered":"http:\/\/www.makivik.org\/histoire\/"},"modified":"2018-01-17T11:21:29","modified_gmt":"2018-01-17T15:21:29","slug":"histoire","status":"publish","type":"page","link":"https:\/\/www.makivvik.ca\/fr\/la-societe\/histoire\/","title":{"rendered":"Histoire"},"content":{"rendered":"<p>Qu\u2019il s\u2019agisse du pass\u00e9 lointain ou de l\u2019adaptation de notre peuple \u00e0 l\u2019\u00e8re moderne, l\u2019histoire des Inuits du Nunavik et de Makivvik est remarquable.<\/p>\n<p>Nous vous pr\u00e9sentons ici un aper\u00e7u de nos r\u00e9alisations et de nos premi\u00e8res initiatives qui se sont av\u00e9r\u00e9es n\u00e9cessaires pour b\u00e2tir un avenir meilleur pour notre peuple et notre r\u00e9gion.<\/p>\n<p>Vous trouverez de plus amples informations sous Publications dans la section M\u00e9dia.<\/p>\n","protected":false},"excerpt":{"rendered":"<p>Qu\u2019il s\u2019agisse du pass\u00e9 lointain ou de l\u2019adaptation de notre peuple \u00e0 l\u2019\u00e8re moderne, l\u2019histoire des Inuits du Nunavik et de Makivvik est remarquable. Nous vous<span class=\"excerpt-hellip\"> [\u2026]<\/span><\/p>\n","protected":false},"author":9,"featured_media":0,"parent":4530,"menu_order":0,"comment_status":"closed","ping_status":"closed","template":"","meta":{"_acf_changed":false,"footnotes":""},"class_list":["post-4555","page","type-page","status-publish","hentry"],"acf":[],"jetpack_shortlink":"https:\/\/wp.me\/P7v1Zk-1bt","jetpack_sharing_enabled":true,"_links":{"self":[{"href":"https:\/\/www.makivvik.ca\/fr\/wp-json\/wp\/v2\/pages\/4555","targetHints":{"allow":["GET"]}}],"collection":[{"href":"https:\/\/www.makivvik.ca\/fr\/wp-json\/wp\/v2\/pages"}],"about":[{"href":"https:\/\/www.makivvik.ca\/fr\/wp-json\/wp\/v2\/types\/page"}],"author":[{"embeddable":true,"href":"https:\/\/www.makivvik.ca\/fr\/wp-json\/wp\/v2\/users\/9"}],"replies":[{"embeddable":true,"href":"https:\/\/www.makivvik.ca\/fr\/wp-json\/wp\/v2\/comments?post=4555"}],"version-history":[{"count":1,"href":"https:\/\/www.makivvik.ca\/fr\/wp-json\/wp\/v2\/pages\/4555\/revisions"}],"predecessor-version":[{"id":5579,"href":"https:\/\/www.makivvik.ca\/fr\/wp-json\/wp\/v2\/pages\/4555\/revisions\/5579"}],"up":[{"embeddable":true,"href":"https:\/\/www.makivvik.ca\/fr\/wp-json\/wp\/v2\/pages\/4530"}],"wp:attachment":[{"href":"https:\/\/www.makivvik.ca\/fr\/wp-json\/wp\/v2\/media?parent=4555"}],"curies":[{"name":"wp","href":"https:\/\/api.w.org\/{rel}","templated":true}]}}