{"id":4543,"date":"2013-02-24T19:50:25","date_gmt":"2013-02-24T19:50:25","guid":{"rendered":"http:\/\/www.makivik.org\/en-fr\/"},"modified":"2024-10-08T16:37:51","modified_gmt":"2024-10-08T20:37:51","slug":"aupaluk","status":"publish","type":"page","link":"https:\/\/www.makivvik.ca\/fr\/aupaluk\/","title":{"rendered":"Aupaluk"},"content":{"rendered":"<p><strong>Signification<\/strong> : L\u00e0 o\u00f9 la terre est rouge<br \/>\n<strong>Population : <\/strong>233<\/p>\n<hr \/>\n<p><a href=\"https:\/\/i0.wp.com\/www.makivvik.ca\/wp-content\/uploads\/2013\/02\/aupaluk1.jpg\"><img data-recalc-dims=\"1\" loading=\"lazy\" decoding=\"async\" class=\"alignleft size-medium wp-image-72\" src=\"https:\/\/i0.wp.com\/www.makivvik.ca\/wp-content\/uploads\/2013\/02\/aupaluk1-300x200.jpg?resize=300%2C200\" alt=\"aupaluk1\" width=\"300\" height=\"200\" \/><\/a>Aupaluk, la plus petite communaut\u00e9 du Nunavik, est situ\u00e9 sur la rive sud de la baie Hopes Advance, une crique dans la c\u00f4te ouest de la baie d\u2019Ungava. Le village se trouve \u00e0 150 km au nord de Kuujjuaq et \u00e0 80 km au sud de Kangirsuk. Il est construit sur la plus basse d\u2019une s\u00e9rie de terrasses naturelles qui s\u2019\u00e9l\u00e8vent \u00e0 environ 45 m au-dessus du niveau de la mer. Le relief autour d\u2019Aupaluk, qui est plut\u00f4t plat, est tr\u00e8s propice aux randonn\u00e9es p\u00e9destres. Le village offre une vue splendide de la baie d\u2019Ungava. Le nom du village vient de la couleur de son sol ferrugineux. En effet, Aupaluk est situ\u00e9 aux confins nord de la fosse du Labrador qui est riche en fer. \u00c0 la fin des ann\u00e9es 1950, il y a eu quelques activit\u00e9s d\u2019exploitation mini\u00e8re dans la r\u00e9gion.<\/p>\n<blockquote><p>Aupaluk, la plus petite communaut\u00e9 du Nunavik, est situ\u00e9 sur la rive sud de la baie Hopes Advance, une crique dans la c\u00f4te ouest de la baie d&#8217;Ungava. Le village se trouve \u00e0 150 km au nord de Kuujjuaq et \u00e0 80 km au sud de Kangirsuk.<\/p><\/blockquote>\n<p>Contrairement \u00e0 la majorit\u00e9 des communaut\u00e9s du Nunavik, Aupaluk ne s\u2019est pas d\u00e9velopp\u00e9 autour d\u2019un poste de traite ni d\u2019une mission religieuse. En raison de son abondance de caribous, de poissons et de mammif\u00e8res marins, la r\u00e9gion \u00e9tait d\u2019abord et avant tout un lieu traditionnel de chasse et de p\u00eache. En 1975, des Inuit de Kangirsuk et de quelques autres villages ont d\u00e9cid\u00e9 de s\u2019\u00e9tablir dans la r\u00e9gion o\u00f9 plusieurs g\u00e9n\u00e9rations pass\u00e9es de chasseurs, leurs anc\u00eatres, avaient l\u2019habitude de s\u00e9journer et de construire des campements temporaires. Pour la premi\u00e8re fois dans tout l\u2019Arctique canadien, les Inuit ont con\u00e7u eux-m\u00eames l\u2019am\u00e9nagement de leur village. Aupaluk a \u00e9t\u00e9 incorpor\u00e9 en tant que village nordique en 1981 et a ouvert son magasin coop\u00e9ratif au d\u00e9but des ann\u00e9es 1980. La vie des Aupalummiut demeure fortement ax\u00e9e sur la pratique des activit\u00e9s traditionnelles.<\/p>\n<h2>Attraits<\/h2>\n<ul>\n<li>Premier village de l\u2019Arctique canadien enti\u00e8rement con\u00e7u par les Inuit.<\/li>\n<li>Aupaluk est situ\u00e9 pr\u00e8s de la route de migration du troupeau de caribou de la rivi\u00e8re aux Feuilles. Le troupeau traverse la r\u00e9gion du mois d\u2019octobre au mois de d\u00e9cembre. Bon nombre de caribous passent m\u00eame l\u2019hiver dans la r\u00e9gion.<\/li>\n<li>Observation de mammif\u00e8res marins.<\/li>\n<li>Comme Aupaluk est une tr\u00e8s petite communaut\u00e9, il est plus facile d\u2019entrer en contact avec des Inuit qui peuvent accompagner les voyageurs d\u00e9sirant d\u00e9couvrir la r\u00e9gion.<\/li>\n<\/ul>\n","protected":false},"excerpt":{"rendered":"<p>Signification : L\u00e0 o\u00f9 la terre est rouge Population : 233 Aupaluk, la plus petite communaut\u00e9 du Nunavik, est situ\u00e9 sur la rive sud de la<span class=\"excerpt-hellip\"> [\u2026]<\/span><\/p>\n","protected":false},"author":9,"featured_media":0,"parent":0,"menu_order":0,"comment_status":"closed","ping_status":"closed","template":"","meta":{"_acf_changed":false,"footnotes":""},"class_list":["post-4543","page","type-page","status-publish","hentry"],"acf":[],"jetpack_shortlink":"https:\/\/wp.me\/P7v1Zk-1bh","jetpack_sharing_enabled":true,"_links":{"self":[{"href":"https:\/\/www.makivvik.ca\/fr\/wp-json\/wp\/v2\/pages\/4543","targetHints":{"allow":["GET"]}}],"collection":[{"href":"https:\/\/www.makivvik.ca\/fr\/wp-json\/wp\/v2\/pages"}],"about":[{"href":"https:\/\/www.makivvik.ca\/fr\/wp-json\/wp\/v2\/types\/page"}],"author":[{"embeddable":true,"href":"https:\/\/www.makivvik.ca\/fr\/wp-json\/wp\/v2\/users\/9"}],"replies":[{"embeddable":true,"href":"https:\/\/www.makivvik.ca\/fr\/wp-json\/wp\/v2\/comments?post=4543"}],"version-history":[{"count":4,"href":"https:\/\/www.makivvik.ca\/fr\/wp-json\/wp\/v2\/pages\/4543\/revisions"}],"predecessor-version":[{"id":18300,"href":"https:\/\/www.makivvik.ca\/fr\/wp-json\/wp\/v2\/pages\/4543\/revisions\/18300"}],"wp:attachment":[{"href":"https:\/\/www.makivvik.ca\/fr\/wp-json\/wp\/v2\/media?parent=4543"}],"curies":[{"name":"wp","href":"https:\/\/api.w.org\/{rel}","templated":true}]}}