{"id":4533,"date":"2013-02-24T12:42:19","date_gmt":"2013-02-24T12:42:19","guid":{"rendered":"http:\/\/www.makivik.org\/en-fr\/"},"modified":"2019-04-24T10:39:32","modified_gmt":"2019-04-24T14:39:32","slug":"mandat-de-la-societe-makivik","status":"publish","type":"page","link":"https:\/\/www.makivvik.ca\/fr\/la-societe\/mandat-de-la-societe-makivik\/","title":{"rendered":"Mandat de Makivvik"},"content":{"rendered":"<p><span lang=\"fr-CA\">Makivvik assume un \u00e9ventail de mandats distincts. Notamment, elle est propri\u00e9taire de grandes entreprises rentables qui g\u00e9n\u00e8rent des emplois. Elle voit aussi au d\u00e9veloppement socio\u00e9conomique de la r\u00e9gion et \u00e0 l\u2019am\u00e9lioration des conditions de logement des Inuits du Nunavik. Qui plus est, elle veille \u00e0 la protection de la langue et de la culture inuites ainsi que du milieu naturel.\u00a0<\/span><\/p>\n<p><span lang=\"fr-CA\">Depuis sa cr\u00e9ation, Makivvik parle au nom des Inuits du Nunavik afin de maintenir les droits prot\u00e9g\u00e9s par la Constitution de tous les Nunavimmiuts.<\/span><\/p>\n<p><span lang=\"fr-CA\">Dans l\u2019exercice de son mandat, lequel lui a \u00e9t\u00e9 confi\u00e9 \u00e0 la signature de la Convention de la Baie-James et du Nord qu\u00e9b\u00e9cois (CBJNQ), Makivvik travaille dans la r\u00e9gion avec les principaux organismes cr\u00e9\u00e9s en vertu de la CBJNQ ainsi qu\u2019avec les gouvernements du Qu\u00e9bec et du Canada.<\/span><\/p>\n<p><span lang=\"fr-CA\">Makivvik travaille \u00e9galement avec les Inuits de l\u2019ensemble de l\u2019Inuit Nunangat, la patrie des Inuits, dans le cadre de la d\u00e9marche politique inuite nationale, repr\u00e9sent\u00e9e officiellement par Inuit Tapiriit Kanatami. \u00c0 l\u2019\u00e9chelle circumpolaire, Makivvik est membre du Conseil circumpolaire inuit.<\/span><\/p>\n<h2>Objectifs de la Soci\u00e9t\u00e9 :<\/h2>\n<ul>\n<li>Recevoir, administrer, distribuer et investir l\u2019indemnit\u00e9 p\u00e9cuniaire destin\u00e9e aux Inuit, conform\u00e9ment aux dispositions de la CBJNQ;<\/li>\n<li>Lutter contre la pauvret\u00e9 et promouvoir le bien-\u00eatre, le progr\u00e8s et l\u2019\u00e9ducation des Inuit;<\/li>\n<li>Encourager, promouvoir et prot\u00e9ger le mode de vie, les valeurs et les traditions des Inuit, ainsi que contribuer \u00e0 leur pr\u00e9servation;<\/li>\n<li>Exercer les fonctions qui lui sont d\u00e9volues par la loi et la CBJNQ;<\/li>\n<li>D\u00e9velopper les communaut\u00e9s inuit et am\u00e9liorer leurs moyens d\u2019action.<\/li>\n<\/ul>\n","protected":false},"excerpt":{"rendered":"<p>Makivvik assume un \u00e9ventail de mandats distincts. Notamment, elle est propri\u00e9taire de grandes entreprises rentables qui g\u00e9n\u00e8rent des emplois. Elle voit aussi au d\u00e9veloppement socio\u00e9conomique de<span class=\"excerpt-hellip\"> [\u2026]<\/span><\/p>\n","protected":false},"author":9,"featured_media":0,"parent":4530,"menu_order":0,"comment_status":"closed","ping_status":"closed","template":"","meta":{"_acf_changed":false,"footnotes":""},"class_list":["post-4533","page","type-page","status-publish","hentry"],"acf":[],"jetpack_shortlink":"https:\/\/wp.me\/P7v1Zk-1b7","jetpack_sharing_enabled":true,"_links":{"self":[{"href":"https:\/\/www.makivvik.ca\/fr\/wp-json\/wp\/v2\/pages\/4533","targetHints":{"allow":["GET"]}}],"collection":[{"href":"https:\/\/www.makivvik.ca\/fr\/wp-json\/wp\/v2\/pages"}],"about":[{"href":"https:\/\/www.makivvik.ca\/fr\/wp-json\/wp\/v2\/types\/page"}],"author":[{"embeddable":true,"href":"https:\/\/www.makivvik.ca\/fr\/wp-json\/wp\/v2\/users\/9"}],"replies":[{"embeddable":true,"href":"https:\/\/www.makivvik.ca\/fr\/wp-json\/wp\/v2\/comments?post=4533"}],"version-history":[{"count":3,"href":"https:\/\/www.makivvik.ca\/fr\/wp-json\/wp\/v2\/pages\/4533\/revisions"}],"predecessor-version":[{"id":8944,"href":"https:\/\/www.makivvik.ca\/fr\/wp-json\/wp\/v2\/pages\/4533\/revisions\/8944"}],"up":[{"embeddable":true,"href":"https:\/\/www.makivvik.ca\/fr\/wp-json\/wp\/v2\/pages\/4530"}],"wp:attachment":[{"href":"https:\/\/www.makivvik.ca\/fr\/wp-json\/wp\/v2\/media?parent=4533"}],"curies":[{"name":"wp","href":"https:\/\/api.w.org\/{rel}","templated":true}]}}