{"id":4530,"date":"2013-02-24T12:16:45","date_gmt":"2013-02-24T12:16:45","guid":{"rendered":"http:\/\/www.makivik.org\/la-societe\/"},"modified":"2023-02-24T17:20:15","modified_gmt":"2023-02-24T21:20:15","slug":"la-societe","status":"publish","type":"page","link":"https:\/\/www.makivvik.ca\/fr\/la-societe\/","title":{"rendered":"La soci\u00e9t\u00e9"},"content":{"rendered":"<div id=\"attachment_45\" style=\"width: 310px\" class=\"wp-caption alignleft\"><a href=\"https:\/\/i0.wp.com\/www.makivvik.ca\/wp-content\/uploads\/2013\/02\/ivakkak1.jpg\"><img data-recalc-dims=\"1\" loading=\"lazy\" decoding=\"async\" aria-describedby=\"caption-attachment-45\" class=\"size-medium wp-image-45\" src=\"https:\/\/i0.wp.com\/www.makivvik.ca\/wp-content\/uploads\/2013\/02\/ivakkak1-300x177.jpg?resize=300%2C177\" alt=\"Ivakkak Race - The return of the Inuit Dogs\" width=\"300\" height=\"177\" srcset=\"https:\/\/i0.wp.com\/www.makivvik.ca\/wp-content\/uploads\/2013\/02\/ivakkak1.jpg?resize=300%2C177&amp;ssl=1 300w, https:\/\/i0.wp.com\/www.makivvik.ca\/wp-content\/uploads\/2013\/02\/ivakkak1.jpg?resize=470%2C277&amp;ssl=1 470w, https:\/\/i0.wp.com\/www.makivvik.ca\/wp-content\/uploads\/2013\/02\/ivakkak1.jpg?w=641&amp;ssl=1 641w\" sizes=\"auto, (max-width:767px) 300px, 300px\" \/><\/a><p id=\"caption-attachment-45\" class=\"wp-caption-text\">La Course Ivakkak<\/p><\/div>\n<p>La Soci\u00e9t\u00e9<\/p>\n<p>Makivvik fait preuve de leadership sur les plans politique, culturel et \u00e9conomique dans la constitution et le d\u00e9veloppement d\u2019une r\u00e9gion dynamique appel\u00e9e Nunavik, o\u00f9 les Inuits ont \u00e9tabli une identit\u00e9 distincte sur leur propre territoire avec comme toile de fond la dualit\u00e9 des nations canadienne et qu\u00e9b\u00e9coise.<\/p>\n<p>Makivvik, qui en inuktitut signifie \u00ab\u00a0s\u2019\u00e9lever\u00a0\u00bb, est un nom on ne peut plus appropri\u00e9 pour d\u00e9signer un organisme dont le mandat est de parler au nom des Inuits du Nunavik et de prot\u00e9ger les droits, les int\u00e9r\u00eats et les compensations financi\u00e8res d\u00e9coulant, d\u2019une part, de la Convention de la Baie-James et du Nord qu\u00e9b\u00e9cois sign\u00e9e en 1975, soit le premier r\u00e8glement de revendications territoriales globales au Canada, et, d\u2019autre part, de l\u2019Accord sur les revendications territoriales des Inuit du Nunavik, qui est entr\u00e9 en vigueur en 2008.<\/p>\n<p>Makivvik assume un \u00e9ventail de mandats distincts. Notamment, elle est propri\u00e9taire de grandes entreprises rentables qui g\u00e9n\u00e8rent des emplois. Elle voit aussi au d\u00e9veloppement socio\u00e9conomique de la r\u00e9gion et \u00e0 l\u2019am\u00e9lioration des conditions de logement des Inuits du Nunavik. Qui plus est, elle veille \u00e0 la protection de la langue et de la culture inuites ainsi que du milieu naturel.<\/p>\n<p>Les r\u00e9alisations de Makivvik d\u00e9montrent \u00e0 quel point des trait\u00e9s modernes ou des r\u00e8glements de revendications territoriales des peuples autochtones peuvent \u00eatre profitables autant pour les gouvernements que pour les Inuits.<\/p>\n<p>En l975, lorsque le tout premier trait\u00e9 a \u00e9t\u00e9 sign\u00e9, la Soci\u00e9t\u00e9 a d\u00e9clar\u00e9 que le r\u00e8glement des revendications territoriales des Inuits devait \u00eatre consid\u00e9r\u00e9 dans le contexte d\u2019un nouveau d\u00e9part, marquant l\u2019\u00e9tablissement et le maintien d\u2019une nouvelle relation et d\u2019une nouvelle fa\u00e7on de faire affaire avec les gouvernements du Qu\u00e9bec et du Canada.<\/p>\n<p>Makivvik et ses filiales ont une histoire des plus inspirantes \u00e0 vous raconter. Nous vous invitons \u00e0 explorer le site pour en apprendre davantage sur Makivvik et les Inuits du Nunavik.<\/p>\n<h2>Objectifs de la Soci\u00e9t\u00e9 :<\/h2>\n<ul>\n<li>Recevoir, administrer, distribuer et investir l\u2019indemnit\u00e9 p\u00e9cuniaire destin\u00e9e aux Inuit, conform\u00e9ment aux dispositions de la CBJNQ;<\/li>\n<li>Lutter contre la pauvret\u00e9 et promouvoir le bien-\u00eatre, le progr\u00e8s et l\u2019\u00e9ducation des Inuit;<\/li>\n<li>Encourager, promouvoir et prot\u00e9ger le mode de vie, les valeurs et les traditions des Inuit, ainsi que contribuer \u00e0 leur pr\u00e9servation;<\/li>\n<li>Exercer les fonctions qui lui sont d\u00e9volues par la loi et la CBJNQ;<\/li>\n<li>D\u00e9velopper les communaut\u00e9s inuit et am\u00e9liorer leurs moyens d\u2019action.<\/li>\n<\/ul>\n","protected":false},"excerpt":{"rendered":"<p>La Soci\u00e9t\u00e9 Makivvik fait preuve de leadership sur les plans politique, culturel et \u00e9conomique dans la constitution et le d\u00e9veloppement d\u2019une r\u00e9gion dynamique appel\u00e9e Nunavik, o\u00f9<span class=\"excerpt-hellip\"> [\u2026]<\/span><\/p>\n","protected":false},"author":9,"featured_media":6804,"parent":0,"menu_order":0,"comment_status":"closed","ping_status":"closed","template":"","meta":{"_acf_changed":false,"footnotes":""},"class_list":["post-4530","page","type-page","status-publish","has-post-thumbnail","hentry"],"acf":[],"jetpack_shortlink":"https:\/\/wp.me\/P7v1Zk-1b4","jetpack_sharing_enabled":true,"_links":{"self":[{"href":"https:\/\/www.makivvik.ca\/fr\/wp-json\/wp\/v2\/pages\/4530","targetHints":{"allow":["GET"]}}],"collection":[{"href":"https:\/\/www.makivvik.ca\/fr\/wp-json\/wp\/v2\/pages"}],"about":[{"href":"https:\/\/www.makivvik.ca\/fr\/wp-json\/wp\/v2\/types\/page"}],"author":[{"embeddable":true,"href":"https:\/\/www.makivvik.ca\/fr\/wp-json\/wp\/v2\/users\/9"}],"replies":[{"embeddable":true,"href":"https:\/\/www.makivvik.ca\/fr\/wp-json\/wp\/v2\/comments?post=4530"}],"version-history":[{"count":4,"href":"https:\/\/www.makivvik.ca\/fr\/wp-json\/wp\/v2\/pages\/4530\/revisions"}],"predecessor-version":[{"id":15512,"href":"https:\/\/www.makivvik.ca\/fr\/wp-json\/wp\/v2\/pages\/4530\/revisions\/15512"}],"wp:featuredmedia":[{"embeddable":true,"href":"https:\/\/www.makivvik.ca\/fr\/wp-json\/wp\/v2\/media\/6804"}],"wp:attachment":[{"href":"https:\/\/www.makivvik.ca\/fr\/wp-json\/wp\/v2\/media?parent=4530"}],"curies":[{"name":"wp","href":"https:\/\/api.w.org\/{rel}","templated":true}]}}