{"id":18158,"date":"2024-04-17T09:48:04","date_gmt":"2024-04-17T13:48:04","guid":{"rendered":"https:\/\/www.makivvik.ca\/?page_id=18158"},"modified":"2025-11-25T11:45:20","modified_gmt":"2025-11-25T15:45:20","slug":"nccas","status":"publish","type":"page","link":"https:\/\/www.makivvik.ca\/fr\/nccas\/","title":{"rendered":"Strat\u00e9gie d\u2019adaptation aux changements climatiques du Nunavik"},"content":{"rendered":"\n<div class=\"wp-block-columns is-layout-flex wp-container-core-columns-is-layout-9d6595d7 wp-block-columns-is-layout-flex\">\n<div class=\"wp-block-column is-layout-flow wp-block-column-is-layout-flow\" style=\"flex-basis:66.66%\">\n<p>La culture et le mode de vie des Inuit du Nunavik sont profond\u00e9ment enracin\u00e9s dans l&#8217;environnement naturel. Les communaut\u00e9s et les organisations du Nunavik observent et exp\u00e9rimentent directement les impacts des changements climatiques et sont les mieux plac\u00e9es pour identifier ce qui est n\u00e9cessaire pour r\u00e9pondre \u00e0 ces changements afin de soutenir la s\u00e9curit\u00e9 et le bien-\u00eatre des Nunavimmiut. La rapidit\u00e9 et l&#8217;ampleur des changements en cours signifient qu&#8217;il est plus urgent que jamais d&#8217;\u00e9couter les priorit\u00e9s des Nunavimmiut en mati\u00e8re de changements climatiques et d&#8217;agir en cons\u00e9quence.<\/p>\n\n\n\n<p>La Strat\u00e9gie d&#8217;adaptation aux changements climatiques du Nunavik (la Strat\u00e9gie) a \u00e9t\u00e9 \u00e9labor\u00e9e par les Nunavimmiut et les organisations du Nunavik.<\/p>\n\n\n\n<p>Le travail a d&#8217;abord commenc\u00e9 en 2019 par un atelier r\u00e9gional visant \u00e0 d\u00e9velopper une compr\u00e9hension commune des impacts des changements climatiques et \u00e0 identifier des mesures d&#8217;adaptation potentielles. Cet atelier a \u00e9t\u00e9 le point de d\u00e9part de ce travail et a \u00e9tabli la feuille de route pour l&#8217;\u00e9laboration de la Strat\u00e9gie.<\/p>\n\n\n\n<p>Le rapport de l&#8217;atelier de 2019 sur les changements climatiques au Nunavik est disponible <a href=\"https:\/\/www.makivvik.ca\/wp-content\/uploads\/2024\/07\/Climate-Change-Workshop-Report.pdf\">ici<\/a> (en anglais et inuktitut).<\/p>\n\n\n\n<p>De 2020 \u00e0 2022, cinq groupes de travail multiorganisationnels ax\u00e9s sur diff\u00e9rents secteurs ont travaill\u00e9 \u00e0 l&#8217;\u00e9laboration de cette Strat\u00e9gie.<\/p>\n\n\n\n<p>Une tourn\u00e9e d&#8217;engagement communautaire a \u00e9t\u00e9 men\u00e9e \u00e0 travers le Nunavik de mai \u00e0 d\u00e9cembre 2023 afin de pr\u00e9senter la Strat\u00e9gie aux Nunavimmiut et d&#8217;entendre leurs id\u00e9es et leurs recommandations visant \u00e0 l&#8217;am\u00e9liorer. Collectivement, plus de 150 d\u00e9tenteurs de connaissances et repr\u00e9sentants experts d&#8217;organisations du Nunavik ont contribu\u00e9 \u00e0 l&#8217;\u00e9laboration de cette Strat\u00e9gie de 2019 \u00e0 2023.<\/p>\n\n\n\n<p>Cette Strat\u00e9gie est une feuille de route pour guider les actions d&#8217;adaptation aux changements climatiques dans notre r\u00e9gion, et pour informer les gouvernements et les organisations externes des priorit\u00e9s et des besoins collectifs du Nunavik. Elle a \u00e9t\u00e9 \u00e9labor\u00e9e pour que nos communaut\u00e9s, et en particulier nos jeunes, puissent continuer \u00e0 prosp\u00e9rer sur notre terre natale, comme l&#8217;ont fait nos anc\u00eatres avant nous.<\/p>\n\n\n\n<p>Les communaut\u00e9s qui souhaitent d\u00e9velopper des projets d&#8217;adaptation aux changements climatiques ou de surveillance peuvent contacter Makivvik ou l&#8217;Administration r\u00e9gionale Kativik pour obtenir du soutien :<\/p>\n\n\n\n<ul class=\"wp-block-list\">\n<li><strong>Makivvik:<\/strong> <br><a href=\"mailto:pleblanc-rochette@makivvik.ca\">pleblanc-rochette@makivvik.ca<\/a> (projets changements climatiques); <a href=\"mailto:llaflamme@makivvik.ca\">llaflamme@makivvik.ca<\/a> (projets s\u00e9curit\u00e9 alimentaire)<\/li>\n\n\n\n<li><strong>Administration r\u00e9gionale Kativik:<\/strong><br>\u00a0<a href=\"mailto:climatechange@krg.ca\">climatechange@krg.ca <\/a> (projets changements climatiques)<\/li>\n<\/ul>\n<\/div>\n\n\n\n<div class=\"wp-block-column is-layout-flow wp-block-column-is-layout-flow\" style=\"flex-basis:33.33%\">\n<p><strong>Lire la Strat\u00e9gie<\/strong><\/p>\n\n\n\n<figure class=\"wp-block-image size-full\"><a href=\"https:\/\/www.makivvik.ca\/?r3d=strategie-dadaptation-aux-changements-climatiques-du-nunavik\"><img data-recalc-dims=\"1\" loading=\"lazy\" decoding=\"async\" width=\"510\" height=\"677\" src=\"https:\/\/i0.wp.com\/www.makivvik.ca\/wp-content\/uploads\/2024\/08\/LaStrategie_cover.jpg?resize=510%2C677&#038;ssl=1\" alt=\"\" class=\"wp-image-18175\" srcset=\"https:\/\/i0.wp.com\/www.makivvik.ca\/wp-content\/uploads\/2024\/08\/LaStrategie_cover.jpg?w=510&amp;ssl=1 510w, https:\/\/i0.wp.com\/www.makivvik.ca\/wp-content\/uploads\/2024\/08\/LaStrategie_cover.jpg?resize=300%2C398&amp;ssl=1 300w, https:\/\/i0.wp.com\/www.makivvik.ca\/wp-content\/uploads\/2024\/08\/LaStrategie_cover.jpg?resize=113%2C150&amp;ssl=1 113w, https:\/\/i0.wp.com\/www.makivvik.ca\/wp-content\/uploads\/2024\/08\/LaStrategie_cover.jpg?resize=56%2C75&amp;ssl=1 56w, https:\/\/i0.wp.com\/www.makivvik.ca\/wp-content\/uploads\/2024\/08\/LaStrategie_cover.jpg?resize=480%2C637&amp;ssl=1 480w\" sizes=\"auto, (max-width:767px) 480px, 510px\" \/><\/a><\/figure>\n<\/div>\n<\/div>\n","protected":false},"excerpt":{"rendered":"<p>La culture et le mode de vie des Inuit du Nunavik sont profond\u00e9ment enracin\u00e9s dans l&#8217;environnement naturel. Les communaut\u00e9s et les organisations du Nunavik observent et<span class=\"excerpt-hellip\"> [\u2026]<\/span><\/p>\n","protected":false},"author":9,"featured_media":0,"parent":0,"menu_order":0,"comment_status":"closed","ping_status":"closed","template":"","meta":{"_acf_changed":false,"footnotes":""},"class_list":["post-18158","page","type-page","status-publish","hentry"],"acf":[],"jetpack_shortlink":"https:\/\/wp.me\/P7v1Zk-4IS","jetpack_sharing_enabled":true,"_links":{"self":[{"href":"https:\/\/www.makivvik.ca\/fr\/wp-json\/wp\/v2\/pages\/18158","targetHints":{"allow":["GET"]}}],"collection":[{"href":"https:\/\/www.makivvik.ca\/fr\/wp-json\/wp\/v2\/pages"}],"about":[{"href":"https:\/\/www.makivvik.ca\/fr\/wp-json\/wp\/v2\/types\/page"}],"author":[{"embeddable":true,"href":"https:\/\/www.makivvik.ca\/fr\/wp-json\/wp\/v2\/users\/9"}],"replies":[{"embeddable":true,"href":"https:\/\/www.makivvik.ca\/fr\/wp-json\/wp\/v2\/comments?post=18158"}],"version-history":[{"count":11,"href":"https:\/\/www.makivvik.ca\/fr\/wp-json\/wp\/v2\/pages\/18158\/revisions"}],"predecessor-version":[{"id":19878,"href":"https:\/\/www.makivvik.ca\/fr\/wp-json\/wp\/v2\/pages\/18158\/revisions\/19878"}],"wp:attachment":[{"href":"https:\/\/www.makivvik.ca\/fr\/wp-json\/wp\/v2\/media?parent=18158"}],"curies":[{"name":"wp","href":"https:\/\/api.w.org\/{rel}","templated":true}]}}