{"id":17752,"date":"2024-05-22T16:19:29","date_gmt":"2024-05-22T20:19:29","guid":{"rendered":"https:\/\/www.makivvik.ca\/land-administration-system\/"},"modified":"2024-05-22T16:34:35","modified_gmt":"2024-05-22T20:34:35","slug":"land-administration-system","status":"publish","type":"page","link":"https:\/\/www.makivvik.ca\/fr\/land-administration-system\/","title":{"rendered":"Le syst\u00e8me d\u2019administration des terres (SAT)"},"content":{"rendered":"\n<div class=\"wp-block-columns is-layout-flex wp-container-core-columns-is-layout-9d6595d7 wp-block-columns-is-layout-flex\">\n<div class=\"wp-block-column is-layout-flow wp-block-column-is-layout-flow\" style=\"flex-basis:66.66%\">\n<p>\u00c0 titre de propri\u00e9taire de 80&nbsp;% des \u00eeles de la r\u00e9gion marine du Nunavik (RMN) au nom des Inuit du Nunavik, Makivvik veille \u00e0 la gestion de l\u2019entr\u00e9e et de l\u2019acc\u00e8s \u00e0 ces terres conform\u00e9ment aux dispositions de l\u2019Accord sur les revendications territoriales des Inuit du Nunavik (ARTIN). Le syst\u00e8me d\u2019administration des terres (SAT) est un syst\u00e8me qui permet de pr\u00e9senter des demandes d\u2019entr\u00e9e et d\u2019acc\u00e8s en ligne. \u00c0 titre de propri\u00e9taire, Makivvik contr\u00f4le l\u2019acc\u00e8s aux terres et a le pouvoir d\u2019examiner les demandes et d\u2019interdire certaines utilisations qui ne r\u00e9pondent pas aux crit\u00e8res d\u2019utilisation des terres. Tous les non-Inuits qui souhaitent acc\u00e9der aux terres des Inuits dans la RMN doivent d\u00e9tenir un permis d\u2019entr\u00e9e et d\u2019acc\u00e8s.<\/p>\n\n\n\n<p><strong>Processus d\u2019examen des demandes<\/strong><\/p>\n\n\n\n<ol class=\"wp-block-list\">\n<li>Les promoteurs remplissent et soumettent la demande de permis d\u2019entr\u00e9e et d\u2019acc\u00e8s par l\u2019entremise du syst\u00e8me en ligne.&nbsp;<\/li>\n\n\n\n<li>La demande fait l\u2019objet d\u2019un examen interne, et si des questions potentielles sont soulev\u00e9es, le promoteur est contact\u00e9 afin d\u2019obtenir des pr\u00e9cisions suppl\u00e9mentaires.<\/li>\n\n\n\n<li>Le D\u00e9partement de l\u2019environnement, de la faune et de la recherche (DEFR) de Makivvik soumet la demande au comit\u00e9 de direction de Makivvik pour examen.<\/li>\n\n\n\n<li>Le comit\u00e9 de direction de Makivvik proc\u00e8de \u00e0 l\u2019examen et, soit a) approuve la demande en imposant des conditions particuli\u00e8res, b) refuse l\u2019entr\u00e9e et l\u2019acc\u00e8s. Le cas \u00e9ch\u00e9ant, les raisons du refus d\u2019entr\u00e9e et d\u2019acc\u00e8s sont fournies dans une lettre adress\u00e9e au promoteur.<\/li>\n\n\n\n<li>Lorsque la demande est approuv\u00e9e, le promoteur re\u00e7oit deux formulaires suppl\u00e9mentaires qui doivent \u00eatre dat\u00e9s et sign\u00e9s, 1) un permis d\u2019entr\u00e9e et d\u2019acc\u00e8s, 2) une d\u00e9charge de responsabilit\u00e9.<\/li>\n\n\n\n<li>Les permis d\u2019entr\u00e9e et d\u2019acc\u00e8s doivent \u00eatre conserv\u00e9s sur le site pendant la dur\u00e9e de l\u2019entr\u00e9e et de l\u2019acc\u00e8s tel que stipul\u00e9 sur le permis d\u2019acc\u00e8s.<\/li>\n<\/ol>\n\n\n\n<p>Il est tr\u00e8s important de s\u2019assurer que les promoteurs potentiels comprennent que leur demande d\u2019entr\u00e9e et d\u2019acc\u00e8s doit \u00eatre remplie et soumise bien avant la tenue de l\u2019activit\u00e9 pr\u00e9vue sur les terres des Inuits du Nunavik.<\/p>\n<\/div>\n\n\n\n<div class=\"wp-block-column is-vertically-aligned-top is-layout-flow wp-block-column-is-layout-flow\" style=\"flex-basis:33.33%\">\n<p class=\"has-text-align-left\">Cliquez ci-dessous pour acc\u00e9der au syst\u00e8me d\u2019administration des terres (SAT)<\/p>\n\n\n\n<div class=\"wp-block-buttons is-layout-flex wp-block-buttons-is-layout-flex\">\n<div class=\"wp-block-button is-style-outline is-style-outline--1\"><a class=\"wp-block-button__link has-white-color has-text-color has-background has-link-color wp-element-button\" href=\"https:\/\/las.makivvik.ca\/home-fr-temp\/\" style=\"border-radius:30px;background-color:#055381\">Syst\u00e8me d\u2019administration des terres<\/a><\/div>\n<\/div>\n<\/div>\n<\/div>\n","protected":false},"excerpt":{"rendered":"<p>\u00c0 titre de propri\u00e9taire de 80&nbsp;% des \u00eeles de la r\u00e9gion marine du Nunavik (RMN) au nom des Inuit du Nunavik, Makivvik veille \u00e0 la gestion<span class=\"excerpt-hellip\"> [\u2026]<\/span><\/p>\n","protected":false},"author":9,"featured_media":0,"parent":0,"menu_order":0,"comment_status":"closed","ping_status":"closed","template":"","meta":{"_acf_changed":false,"footnotes":""},"class_list":["post-17752","page","type-page","status-publish","hentry"],"acf":[],"jetpack_shortlink":"https:\/\/wp.me\/P7v1Zk-4Ck","jetpack_sharing_enabled":true,"_links":{"self":[{"href":"https:\/\/www.makivvik.ca\/fr\/wp-json\/wp\/v2\/pages\/17752","targetHints":{"allow":["GET"]}}],"collection":[{"href":"https:\/\/www.makivvik.ca\/fr\/wp-json\/wp\/v2\/pages"}],"about":[{"href":"https:\/\/www.makivvik.ca\/fr\/wp-json\/wp\/v2\/types\/page"}],"author":[{"embeddable":true,"href":"https:\/\/www.makivvik.ca\/fr\/wp-json\/wp\/v2\/users\/9"}],"replies":[{"embeddable":true,"href":"https:\/\/www.makivvik.ca\/fr\/wp-json\/wp\/v2\/comments?post=17752"}],"version-history":[{"count":1,"href":"https:\/\/www.makivvik.ca\/fr\/wp-json\/wp\/v2\/pages\/17752\/revisions"}],"predecessor-version":[{"id":17757,"href":"https:\/\/www.makivvik.ca\/fr\/wp-json\/wp\/v2\/pages\/17752\/revisions\/17757"}],"wp:attachment":[{"href":"https:\/\/www.makivvik.ca\/fr\/wp-json\/wp\/v2\/media?parent=17752"}],"curies":[{"name":"wp","href":"https:\/\/api.w.org\/{rel}","templated":true}]}}